{"id":9668,"date":"2022-06-30T16:10:41","date_gmt":"2022-06-30T19:10:41","guid":{"rendered":"http:\/\/modakinstitute11.hospedagemdesites.ws\/agenda\/"},"modified":"2024-03-27T17:44:12","modified_gmt":"2024-03-27T20:44:12","slug":"agenda","status":"publish","type":"page","link":"https:\/\/modakinstitute.org\/es\/agenda\/","title":{"rendered":"Agenda"},"content":{"rendered":"\t\t<div data-elementor-type=\"wp-page\" data-elementor-id=\"9668\" class=\"elementor elementor-9668 elementor-9382\" data-elementor-settings=\"[]\">\n\t\t\t\t\t\t\t<div class=\"elementor-section-wrap\">\n\t\t\t\t\t\t\t<section class=\"has_ma_el_bg_slider elementor-section elementor-top-section elementor-element elementor-element-47c2260 elementor-section-height-min-height elementor-section-boxed elementor-section-height-default elementor-section-items-middle\" data-particle_enable=\"false\" data-particle-mobile-disabled=\"false\" data-id=\"47c2260\" data-element_type=\"section\" data-settings=\"{&quot;background_background&quot;:&quot;classic&quot;}\">\n\t\t\t\t\t\t<div class=\"elementor-container elementor-column-gap-default\">\n\t\t\t\t\t<div class=\"has_ma_el_bg_slider elementor-column elementor-col-33 elementor-top-column elementor-element elementor-element-57efac5\" data-id=\"57efac5\" data-element_type=\"column\">\n\t\t\t<div class=\"elementor-widget-wrap elementor-element-populated\">\n\t\t\t\t\t\t\t\t<div class=\"elementor-element elementor-element-d45636f elementor-widget elementor-widget-image\" data-id=\"d45636f\" data-element_type=\"widget\" data-widget_type=\"image.default\">\n\t\t\t\t<div class=\"elementor-widget-container\">\n\t\t\t\t\t\t\t\t\t\t\t\t\t\t\t<img width=\"1024\" height=\"1024\" src=\"https:\/\/modakinstitute.org\/wp-content\/uploads\/2022\/05\/Cores-BrancoLogo-Modak-2-1-1024x1024.jpg\" class=\"attachment-large size-large\" alt=\"\" loading=\"lazy\" srcset=\"https:\/\/modakinstitute.org\/wp-content\/uploads\/2022\/05\/Cores-BrancoLogo-Modak-2-1-1024x1024.jpg 1024w, https:\/\/modakinstitute.org\/wp-content\/uploads\/2022\/05\/Cores-BrancoLogo-Modak-2-1-300x300.jpg 300w, https:\/\/modakinstitute.org\/wp-content\/uploads\/2022\/05\/Cores-BrancoLogo-Modak-2-1-150x150.jpg 150w, https:\/\/modakinstitute.org\/wp-content\/uploads\/2022\/05\/Cores-BrancoLogo-Modak-2-1-768x768.jpg 768w, https:\/\/modakinstitute.org\/wp-content\/uploads\/2022\/05\/Cores-BrancoLogo-Modak-2-1-e1663012776930.jpg 320w\" sizes=\"(max-width: 1024px) 100vw, 1024px\" \/>\t\t\t\t\t\t\t\t\t\t\t\t\t\t\t<\/div>\n\t\t\t\t<\/div>\n\t\t\t\t\t<\/div>\n\t\t<\/div>\n\t\t\t\t<div class=\"has_ma_el_bg_slider elementor-column elementor-col-33 elementor-top-column elementor-element elementor-element-06cf368\" data-id=\"06cf368\" data-element_type=\"column\">\n\t\t\t<div class=\"elementor-widget-wrap elementor-element-populated\">\n\t\t\t\t\t\t\t\t<div class=\"elementor-element elementor-element-322a5f5c elementor-widget elementor-widget-heading\" data-id=\"322a5f5c\" data-element_type=\"widget\" data-widget_type=\"heading.default\">\n\t\t\t\t<div class=\"elementor-widget-container\">\n\t\t\t<h2 class=\"elementor-heading-title elementor-size-default\">Agenda de Cursos<\/h2>\t\t<\/div>\n\t\t\t\t<\/div>\n\t\t\t\t\t<\/div>\n\t\t<\/div>\n\t\t\t\t<div class=\"has_ma_el_bg_slider elementor-column elementor-col-33 elementor-top-column elementor-element elementor-element-78275d2\" data-id=\"78275d2\" data-element_type=\"column\">\n\t\t\t<div class=\"elementor-widget-wrap\">\n\t\t\t\t\t\t\t\t\t<\/div>\n\t\t<\/div>\n\t\t\t\t\t\t\t<\/div>\n\t\t<\/section>\n\t\t\t\t<section class=\"has_ma_el_bg_slider elementor-section elementor-top-section elementor-element elementor-element-28248bbf elementor-section-boxed elementor-section-height-default elementor-section-height-default\" data-particle_enable=\"false\" data-particle-mobile-disabled=\"false\" data-id=\"28248bbf\" data-element_type=\"section\" data-settings=\"{&quot;background_background&quot;:&quot;classic&quot;}\">\n\t\t\t\t\t\t<div class=\"elementor-container elementor-column-gap-default\">\n\t\t\t\t\t<div class=\"has_ma_el_bg_slider elementor-column elementor-col-100 elementor-top-column elementor-element elementor-element-f8aa9fc\" data-id=\"f8aa9fc\" data-element_type=\"column\">\n\t\t\t<div class=\"elementor-widget-wrap elementor-element-populated\">\n\t\t\t\t\t\t\t\t<div class=\"elementor-element elementor-element-508511c elementor-widget elementor-widget-text-editor\" data-id=\"508511c\" data-element_type=\"widget\" data-widget_type=\"text-editor.default\">\n\t\t\t\t<div class=\"elementor-widget-container\">\n\t\t\t\t\t\t\t<p>Consulte a continuaci\u00f3n las agendas completas de los cursos de Method Training.<\/p>\n\t\t\t\t\t\t<\/div>\n\t\t\t\t<\/div>\n\t\t\t\t\t<\/div>\n\t\t<\/div>\n\t\t\t\t\t\t\t<\/div>\n\t\t<\/section>\n\t\t\t\t<section class=\"has_ma_el_bg_slider elementor-section elementor-top-section elementor-element elementor-element-ab5f437 elementor-section-boxed elementor-section-height-default elementor-section-height-default\" data-particle_enable=\"false\" data-particle-mobile-disabled=\"false\" data-id=\"ab5f437\" data-element_type=\"section\" data-settings=\"{&quot;background_background&quot;:&quot;classic&quot;}\">\n\t\t\t\t\t\t<div class=\"elementor-container elementor-column-gap-wide\">\n\t\t\t\t\t<div class=\"has_ma_el_bg_slider elementor-column elementor-col-100 elementor-top-column elementor-element elementor-element-f8c56da\" data-id=\"f8c56da\" data-element_type=\"column\" data-settings=\"{&quot;background_background&quot;:&quot;classic&quot;}\">\n\t\t\t<div class=\"elementor-widget-wrap elementor-element-populated\">\n\t\t\t\t\t\t\t\t<div class=\"elementor-element elementor-element-2bab7f1 elementor-widget__width-auto elementor-widget elementor-widget-heading\" data-id=\"2bab7f1\" data-element_type=\"widget\" data-widget_type=\"heading.default\">\n\t\t\t\t<div class=\"elementor-widget-container\">\n\t\t\t<h2 class=\"elementor-heading-title elementor-size-default\">TERAPEUTAS<\/h2>\t\t<\/div>\n\t\t\t\t<\/div>\n\t\t\t\t<div class=\"elementor-element elementor-element-6e24101 elementor-widget elementor-widget-heading\" data-id=\"6e24101\" data-element_type=\"widget\" data-widget_type=\"heading.default\">\n\t\t\t\t<div class=\"elementor-widget-container\">\n\t\t\t<h2 class=\"elementor-heading-title elementor-size-default\">Formaci\u00f3n en el m\u00e9todo Kusum Modak\u2120<\/h2>\t\t<\/div>\n\t\t\t\t<\/div>\n\t\t\t\t<div class=\"elementor-element elementor-element-cf90130 elementor-widget elementor-widget-text-editor\" data-id=\"cf90130\" data-element_type=\"widget\" data-widget_type=\"text-editor.default\">\n\t\t\t\t<div class=\"elementor-widget-container\">\n\t\t\t\t\t\t\t<p>La formaci\u00f3n en el M\u00e9todo Kusum Modak\u2120 dura 84 horas, divididas en 10 d\u00edas, y se desarrolla en tres formatos:<\/p>\n\t\t\t\t\t\t<\/div>\n\t\t\t\t<\/div>\n\t\t\t\t<section class=\"has_ma_el_bg_slider elementor-section elementor-inner-section elementor-element elementor-element-bff00e6 elementor-section-boxed elementor-section-height-default elementor-section-height-default\" data-particle_enable=\"false\" data-particle-mobile-disabled=\"false\" data-id=\"bff00e6\" data-element_type=\"section\">\n\t\t\t\t\t\t<div class=\"elementor-container elementor-column-gap-default\">\n\t\t\t\t\t<div class=\"has_ma_el_bg_slider elementor-column elementor-col-33 elementor-inner-column elementor-element elementor-element-a966511\" data-id=\"a966511\" data-element_type=\"column\">\n\t\t\t<div class=\"elementor-widget-wrap elementor-element-populated\">\n\t\t\t\t\t\t\t\t<div class=\"elementor-element elementor-element-3f19e45 elementor-widget elementor-widget-heading\" data-id=\"3f19e45\" data-element_type=\"widget\" data-widget_type=\"heading.default\">\n\t\t\t\t<div class=\"elementor-widget-container\">\n\t\t\t<h2 class=\"elementor-heading-title elementor-size-default\">Modular<\/h2>\t\t<\/div>\n\t\t\t\t<\/div>\n\t\t\t\t<div class=\"elementor-element elementor-element-3f62a95 elementor-widget elementor-widget-text-editor\" data-id=\"3f62a95\" data-element_type=\"widget\" data-widget_type=\"text-editor.default\">\n\t\t\t\t<div class=\"elementor-widget-container\">\n\t\t\t\t\t\t\t<p>Se ejecuta los fines de semana y los d\u00edas festivos y no incluye el alojamiento.<\/p>\n<p>\n\t\t\t\t\t\t<\/div>\n\t\t\t\t<\/div>\n\t\t\t\t\t<\/div>\n\t\t<\/div>\n\t\t\t\t<div class=\"has_ma_el_bg_slider elementor-column elementor-col-33 elementor-inner-column elementor-element elementor-element-d6edf3a\" data-id=\"d6edf3a\" data-element_type=\"column\">\n\t\t\t<div class=\"elementor-widget-wrap elementor-element-populated\">\n\t\t\t\t\t\t\t\t<div class=\"elementor-element elementor-element-ad203a8 elementor-widget elementor-widget-heading\" data-id=\"ad203a8\" data-element_type=\"widget\" data-widget_type=\"heading.default\">\n\t\t\t\t<div class=\"elementor-widget-container\">\n\t\t\t<h2 class=\"elementor-heading-title elementor-size-default\">Intensivo<\/h2>\t\t<\/div>\n\t\t\t\t<\/div>\n\t\t\t\t<div class=\"elementor-element elementor-element-9294e3d elementor-widget elementor-widget-text-editor\" data-id=\"9294e3d\" data-element_type=\"widget\" data-widget_type=\"text-editor.default\">\n\t\t\t\t<div class=\"elementor-widget-container\">\n\t\t\t\t\t\t\t<p>Son 10 d\u00edas consecutivos y no incluye el alojamiento.<\/p>\n<p>\n\t\t\t\t\t\t<\/div>\n\t\t\t\t<\/div>\n\t\t\t\t\t<\/div>\n\t\t<\/div>\n\t\t\t\t<div class=\"has_ma_el_bg_slider elementor-column elementor-col-33 elementor-inner-column elementor-element elementor-element-2acc302\" data-id=\"2acc302\" data-element_type=\"column\">\n\t\t\t<div class=\"elementor-widget-wrap elementor-element-populated\">\n\t\t\t\t\t\t\t\t<div class=\"elementor-element elementor-element-591c5fc elementor-widget elementor-widget-heading\" data-id=\"591c5fc\" data-element_type=\"widget\" data-widget_type=\"heading.default\">\n\t\t\t\t<div class=\"elementor-widget-container\">\n\t\t\t<h2 class=\"elementor-heading-title elementor-size-default\">Inmersi\u00f3n<\/h2>\t\t<\/div>\n\t\t\t\t<\/div>\n\t\t\t\t<div class=\"elementor-element elementor-element-0f8a7ef elementor-widget elementor-widget-text-editor\" data-id=\"0f8a7ef\" data-element_type=\"widget\" data-widget_type=\"text-editor.default\">\n\t\t\t\t<div class=\"elementor-widget-container\">\n\t\t\t\t\t\t\t<p>Son 10 d\u00edas consecutivos, incluyendo el alojamiento.<\/p>\n<p>&nbsp;<\/p>\n\t\t\t\t\t\t<\/div>\n\t\t\t\t<\/div>\n\t\t\t\t\t<\/div>\n\t\t<\/div>\n\t\t\t\t\t\t\t<\/div>\n\t\t<\/section>\n\t\t\t\t\t<\/div>\n\t\t<\/div>\n\t\t\t\t\t\t\t<\/div>\n\t\t<\/section>\n\t\t\t\t<section class=\"has_ma_el_bg_slider elementor-section elementor-top-section elementor-element elementor-element-962c2ca elementor-section-boxed elementor-section-height-default elementor-section-height-default\" data-particle_enable=\"false\" data-particle-mobile-disabled=\"false\" data-id=\"962c2ca\" data-element_type=\"section\">\n\t\t\t\t\t\t<div class=\"elementor-container elementor-column-gap-default\">\n\t\t\t\t\t<div class=\"has_ma_el_bg_slider elementor-column elementor-col-100 elementor-top-column elementor-element elementor-element-06f8add\" data-id=\"06f8add\" data-element_type=\"column\">\n\t\t\t<div class=\"elementor-widget-wrap elementor-element-populated\">\n\t\t\t\t\t\t\t\t<div class=\"elementor-element elementor-element-1afadcf elementor-align-center elementor-widget__width-auto elementor-widget elementor-widget-button\" data-id=\"1afadcf\" data-element_type=\"widget\" data-widget_type=\"button.default\">\n\t\t\t\t<div class=\"elementor-widget-container\">\n\t\t\t\t\t<div class=\"elementor-button-wrapper\">\n\t\t\t<a href=\"#formacao\" class=\"elementor-button-link elementor-button elementor-size-sm\" role=\"button\">\n\t\t\t\t\t\t<span class=\"elementor-button-content-wrapper\">\n\t\t\t\t\t\t<span class=\"elementor-button-text\">Programa de formaci\u00f3n<\/span>\n\t\t<\/span>\n\t\t\t\t\t<\/a>\n\t\t<\/div>\n\t\t\t\t<\/div>\n\t\t\t\t<\/div>\n\t\t\t\t\t<\/div>\n\t\t<\/div>\n\t\t\t\t\t\t\t<\/div>\n\t\t<\/section>\n\t\t\t\t<section class=\"has_ma_el_bg_slider elementor-section elementor-top-section elementor-element elementor-element-23013b4 elementor-section-boxed elementor-section-height-default elementor-section-height-default\" data-particle_enable=\"false\" data-particle-mobile-disabled=\"false\" data-id=\"23013b4\" data-element_type=\"section\" id=\"formacao\" data-settings=\"{&quot;background_background&quot;:&quot;classic&quot;}\">\n\t\t\t\t\t\t<div class=\"elementor-container elementor-column-gap-default\">\n\t\t\t\t\t<div class=\"has_ma_el_bg_slider elementor-column elementor-col-100 elementor-top-column elementor-element elementor-element-fcb1a9e\" data-id=\"fcb1a9e\" data-element_type=\"column\">\n\t\t\t<div class=\"elementor-widget-wrap elementor-element-populated\">\n\t\t\t\t\t\t\t\t<div class=\"elementor-element elementor-element-ec15d43 elementor-widget elementor-widget-spacer\" data-id=\"ec15d43\" data-element_type=\"widget\" data-widget_type=\"spacer.default\">\n\t\t\t\t<div class=\"elementor-widget-container\">\n\t\t\t\t\t<div class=\"elementor-spacer\">\n\t\t\t<div class=\"elementor-spacer-inner\"><\/div>\n\t\t<\/div>\n\t\t\t\t<\/div>\n\t\t\t\t<\/div>\n\t\t\t\t<div class=\"elementor-element elementor-element-a463e02 elementor-widget__width-initial elementor-widget elementor-widget-heading\" data-id=\"a463e02\" data-element_type=\"widget\" data-widget_type=\"heading.default\">\n\t\t\t\t<div class=\"elementor-widget-container\">\n\t\t\t<h2 class=\"elementor-heading-title elementor-size-default\">TERAPEUTAS<\/h2>\t\t<\/div>\n\t\t\t\t<\/div>\n\t\t\t\t<div class=\"elementor-element elementor-element-fd0195e elementor-widget elementor-widget-heading\" data-id=\"fd0195e\" data-element_type=\"widget\" data-widget_type=\"heading.default\">\n\t\t\t\t<div class=\"elementor-widget-container\">\n\t\t\t<h2 class=\"elementor-heading-title elementor-size-default\">Formaci\u00f3n en el m\u00e9todo Kusum Modak\u2120<\/h2>\t\t<\/div>\n\t\t\t\t<\/div>\n\t\t\t\t<div class=\"elementor-element elementor-element-036d242 elementor-widget elementor-widget-text-editor\" data-id=\"036d242\" data-element_type=\"widget\" data-widget_type=\"text-editor.default\">\n\t\t\t\t<div class=\"elementor-widget-container\">\n\t\t\t\t\t\t\t<p>Aqu\u00ed tienes las fechas de los pr\u00f3ximos cursos de Formaci\u00f3n del M\u00e9todo Kusum Modak\u2120, escribe cualquier palabra en el campo de b\u00fasqueda para filtrar los resultados.<\/p>\n\t\t\t\t\t\t<\/div>\n\t\t\t\t<\/div>\n\t\t\t\t<div class=\"elementor-element elementor-element-7c01934 elementor-widget elementor-widget-eael-advanced-data-table\" data-id=\"7c01934\" data-element_type=\"widget\" data-widget_type=\"eael-advanced-data-table.default\">\n\t\t\t\t<div class=\"elementor-widget-container\">\n\t\t\t<div class=\"ea-advanced-data-table-wrap\" data-id=\"7c01934\"><div class=\"ea-advanced-data-table-search-wrap ea-advanced-data-table-search-left\"><input type=\"search\" placeholder=\"Entre aqu\u00ed para buscar en la agenda.\" class=\"ea-advanced-data-table-search\"><\/div><div class=\"ea-advanced-data-table-wrap-inner\">\n                <table class=\"ea-advanced-data-table ea-advanced-data-table-tablepress ea-advanced-data-table-7c01934 ea-advanced-data-table-sortable ea-advanced-data-table-searchable\" data-id=\"7c01934\"><thead><tr><th style=\"width:\">Professor<\/th><th style=\"width:\">Contato da Produ\u00e7\u00e3o<\/th><th style=\"width:\">Local<\/th><th style=\"width:\">In\u00edcio<\/th><th style=\"width:\">T\u00e9rmino<\/th><th style=\"width:\">Formato<\/th><th style=\"width:\">Pa\u00eds<\/th><th>Redes Sociais<\/th><\/tr><\/thead><tbody><tr><td>Prem Shunya <\/td><td>Prem Shunya (71) 99987-1408 <\/td><td>Pune - IN<\/td><td>05\/11\/2024<\/td><td>14\/11\/2024<\/td><td>Imers\u00e3o<\/td><td>\u00cdndia<\/td><td><a href=\"https:\/\/instagram.com\/gerlibonemann_yogamassagem\/\">Instagram<\/a><br><a href=\"https:\/\/www.instagram.com\/studioshunyma\/\">Instagram<\/a><\/td><\/tr><tr><td>Puja Punita<\/td><td>Abra\u00e7o de \u00c1rvore (11) 94368-4803<\/td><td>Jo\u00e3o Pessoa - PB<\/td><td>06\/12\/0024<\/td><td>15\/12\/2024<\/td><td>Intensivo<\/td><td>Brasil <\/td><td><a href=\"https:\/\/www.instagram.com\/puja.punita\">Instagram<\/a><\/td><\/tr><tr><td>Julia Manvi e Purnima<\/td><td>Julia +55 62 998351476 e Purnima +44 07411858488<\/td><td>Salvador - BA<\/td><td>05\/02\/2025<\/td><td>16\/02\/2025<\/td><td>Intensivo<\/td><td>Brasil<\/td><td><a href=\"https:\/\/www.instagram.com\/ju_manvi\/\">Instagram<\/a><\/br><br \/><a href=\"https:\/\/www.instagram.com\/purnimabodywork\/\">Instagram<\/a><\/br><br \/><a href=\"https:\/\/www.instagram.com\/kmmtrainingbypurnima\/\">Instagram<\/a><\/td><\/tr><tr><td>Julia Manvi e Purnima<\/td><td>Julia +55 62 998351476 e Purnima +44 7411858488<\/td><td>Alto Para\u00edso de Goi\u00e1s - GO<\/td><td>01\/04\/2025<\/td><td>12\/04\/2025<\/td><td>Intensivo<\/td><td>Brasil<\/td><td><a href=\"https:\/\/www.instagram.com\/ju_manvi\/\">Instagram<\/a><\/br><br \/><a href=\"https:\/\/www.instagram.com\/purnimabodywork\/\">Instagram<\/a><\/br><br \/><a href=\"https:\/\/www.instagram.com\/kmmtrainingbypurnima\/\">Instagram<\/a><\/td><\/tr><tr><td>Julia Manvi e Purnima <\/td><td>Julia +55 62 998351476 Purnima +44 07411858488<\/td><td>Alto Para\u00edso de Goi\u00e1s - GO<\/td><td>19\/09\/2025<\/td><td>30\/09\/2025<\/td><td>Intensivo<\/td><td>Brasil<\/td><td><a href=\"https:\/\/www.instagram.com\/ju_manvi\/\">Instagram<\/a><\/br><br \/><a href=\"https:\/\/www.instagram.com\/purnimabodywork\/\">Instagram<\/a><\/br><br \/><a href=\"https:\/\/www.instagram.com\/kmmtrainingbypurnima\/\">Instagram<\/a><\/td><\/tr><tr><td>Puja Punita <\/td><td>Abra\u00e7o de \u00c1rvore (11) 94368-4803<\/td><td>S\u00e3o Paulo - SP<\/td><td>24\/01\/2025<\/td><td>01\/02\/2025<\/td><td>Intensivo<\/td><td>Brasil<\/td><td><a href=\"https:\/\/www.instagram.com\/puja.punita\">Instagram<\/a><\/td><\/tr><tr><td>Puja Punita<\/td><td>Abra\u00e7o de \u00c1rvore (11) 94368-4803<\/td><td>Rio de Janeiro - RJ<\/td><td>29\/03\/2025<\/td><td>11\/04\/2025<\/td><td>Modular<\/td><td>Brasil <\/td><td><a href=\"https:\/\/www.instagram.com\/puja.punita\">Instagram<\/a><\/td><\/tr><tr><td>Prem Shunya<\/td><td>Gabriel Garrido (71) 98885-6660<\/td><td>Salvador - BA<\/td><td>17\/01\/2025<\/td><td>15\/02\/2024<\/td><td>Modular<\/td><td>Brasil<\/td><td><a href=\"https:\/\/www.instagram.com\/studioshunyma\">Instagram<\/a><\/td><\/tr><tr><td>Prem Shunya<\/td><td>Gabriel Garrido (71) 98885-6660<\/td><td>Salvador - BA<\/td><td>28\/02\/2025<\/td><td>09\/03\/2025<\/td><td>Imers\u00e3o<\/td><td>Brasil <\/td><td><a href=\"https:\/\/www.instagram.com\/studioshunyma\">Instagram<\/a><\/td><\/tr><tr><td>Prem Shunya<\/td><td>Gabriel Garrido (71) 98885-6660<\/td><td>Salvador - BA<\/td><td>17\/05\/2025<\/td><td>19\/06\/2025<\/td><td>Modular<\/td><td>Brasil<\/td><td><a href=\"https:\/\/www.instagram.com\/studioshunyma\">Instagram<\/a><\/td><\/tr><tr><td>Mariana Meera<\/td><td>(48) 99851-8556<\/td><td>Florian\u00f3polis - SC<\/td><td>19\/02\/2025<\/td><td>28\/02\/2025<\/td><td>Imers\u00e3o<\/td><td>Brasil <\/td><td><a href=\"https:\/\/www.instagram.com\/yoga_massagem_brasil\">Instagram<\/a><\/td><\/tr><tr><td>Mariana Meera<\/td><td>(48) 99851-8556<\/td><td>Alto Paraiso de Goias - GO<\/td><td>14\/02\/2025<\/td><td>24\/02\/2025<\/td><td>Intensivo<\/td><td>Brasil <\/td><td><a href=\"https:\/\/www.instagram.com\/yoga_massagem_brasil\">Instagram<\/a><\/td><\/tr><tr><td>Mariana Meera<\/td><td>(48) 99851-8556<\/td><td>Sao Paulo - SP<\/td><td>02\/04\/2025<\/td><td>13\/04\/2025<\/td><td>Modular<\/td><td>Brasil <\/td><td><a href=\"https:\/\/www.instagram.com\/yoga_massagem_brasil\">Instagram<\/a><\/td><\/tr><tr><td>Mariana Meera <\/td><td>+55 48 998518556<\/td><td>Portugal \/ Coimbra<\/td><td>13\/06\/2025<\/td><td>23\/06\/2025<\/td><td>Intensivo<\/td><td>Portugal <\/td><td><a href=\"https:\/\/www.instagram.com\/yoga_massagem_brasil\">Instagram<\/a><\/td><\/tr><\/tbody><\/table>\n            <\/div><\/div>\t\t<\/div>\n\t\t\t\t<\/div>\n\t\t\t\t\t<\/div>\n\t\t<\/div>\n\t\t\t\t\t\t\t<\/div>\n\t\t<\/section>\n\t\t\t\t<section class=\"has_ma_el_bg_slider elementor-section elementor-top-section elementor-element elementor-element-8f68a76 elementor-section-boxed elementor-section-height-default elementor-section-height-default\" data-particle_enable=\"false\" data-particle-mobile-disabled=\"false\" data-id=\"8f68a76\" data-element_type=\"section\">\n\t\t\t\t\t\t<div class=\"elementor-container elementor-column-gap-default\">\n\t\t\t\t\t<div class=\"has_ma_el_bg_slider elementor-column elementor-col-100 elementor-top-column elementor-element elementor-element-0e04147\" data-id=\"0e04147\" data-element_type=\"column\">\n\t\t\t<div class=\"elementor-widget-wrap elementor-element-populated\">\n\t\t\t\t\t\t\t\t<div class=\"elementor-element elementor-element-dbd5f2b elementor-widget elementor-widget-spacer\" data-id=\"dbd5f2b\" data-element_type=\"widget\" data-widget_type=\"spacer.default\">\n\t\t\t\t<div class=\"elementor-widget-container\">\n\t\t\t\t\t<div class=\"elementor-spacer\">\n\t\t\t<div class=\"elementor-spacer-inner\"><\/div>\n\t\t<\/div>\n\t\t\t\t<\/div>\n\t\t\t\t<\/div>\n\t\t\t\t\t<\/div>\n\t\t<\/div>\n\t\t\t\t\t\t\t<\/div>\n\t\t<\/section>\n\t\t\t\t\t\t<\/div>\n\t\t\t\t\t<\/div>\n\t\t","protected":false},"excerpt":{"rendered":"<p>Agenda de Cursos Consulte a continuaci\u00f3n las agendas completas de los cursos de Method Training. TERAPEUTAS Formaci\u00f3n en el m\u00e9todo Kusum Modak\u2120 La formaci\u00f3n en el M\u00e9todo Kusum Modak\u2120 dura 84 horas, divididas en 10 d\u00edas, y se desarrolla en tres formatos: Modular Se ejecuta los fines de semana y los d\u00edas festivos y no &hellip;<\/p>\n<p class=\"read-more\"> <a class=\"\" href=\"https:\/\/modakinstitute.org\/es\/agenda\/\"> <span class=\"screen-reader-text\">Agenda<\/span> Read More &raquo;<\/a><\/p>\n","protected":false},"author":2,"featured_media":9211,"parent":0,"menu_order":0,"comment_status":"closed","ping_status":"closed","template":"","meta":[],"_links":{"self":[{"href":"https:\/\/modakinstitute.org\/es\/wp-json\/wp\/v2\/pages\/9668"}],"collection":[{"href":"https:\/\/modakinstitute.org\/es\/wp-json\/wp\/v2\/pages"}],"about":[{"href":"https:\/\/modakinstitute.org\/es\/wp-json\/wp\/v2\/types\/page"}],"author":[{"embeddable":true,"href":"https:\/\/modakinstitute.org\/es\/wp-json\/wp\/v2\/users\/2"}],"replies":[{"embeddable":true,"href":"https:\/\/modakinstitute.org\/es\/wp-json\/wp\/v2\/comments?post=9668"}],"version-history":[{"count":5,"href":"https:\/\/modakinstitute.org\/es\/wp-json\/wp\/v2\/pages\/9668\/revisions"}],"predecessor-version":[{"id":10173,"href":"https:\/\/modakinstitute.org\/es\/wp-json\/wp\/v2\/pages\/9668\/revisions\/10173"}],"wp:featuredmedia":[{"embeddable":true,"href":"https:\/\/modakinstitute.org\/es\/wp-json\/wp\/v2\/media\/9211"}],"wp:attachment":[{"href":"https:\/\/modakinstitute.org\/es\/wp-json\/wp\/v2\/media?parent=9668"}],"curies":[{"name":"wp","href":"https:\/\/api.w.org\/{rel}","templated":true}]}}