{"id":10331,"date":"2024-06-10T10:30:54","date_gmt":"2024-06-10T13:30:54","guid":{"rendered":"http:\/\/modakinstitute11.hospedagemdesites.ws\/certificado\/"},"modified":"2025-11-13T09:40:00","modified_gmt":"2025-11-13T12:40:00","slug":"certificado","status":"publish","type":"page","link":"https:\/\/modakinstitute.org\/es\/certificado\/","title":{"rendered":"Certificado"},"content":{"rendered":"\t\t<div data-elementor-type=\"wp-page\" data-elementor-id=\"10331\" class=\"elementor elementor-10331 elementor-10217\" data-elementor-settings=\"[]\">\n\t\t\t\t\t\t\t<div class=\"elementor-section-wrap\">\n\t\t\t\t\t\t\t<section class=\"has_ma_el_bg_slider elementor-section elementor-top-section elementor-element elementor-element-47c2260 elementor-section-height-min-height elementor-section-boxed elementor-section-height-default elementor-section-items-middle\" data-particle_enable=\"false\" data-particle-mobile-disabled=\"false\" data-id=\"47c2260\" data-element_type=\"section\" data-settings=\"{&quot;background_background&quot;:&quot;classic&quot;}\">\n\t\t\t\t\t\t<div class=\"elementor-container elementor-column-gap-default\">\n\t\t\t\t\t<div class=\"has_ma_el_bg_slider elementor-column elementor-col-33 elementor-top-column elementor-element elementor-element-57efac5\" data-id=\"57efac5\" data-element_type=\"column\">\n\t\t\t<div class=\"elementor-widget-wrap elementor-element-populated\">\n\t\t\t\t\t\t\t\t<div class=\"elementor-element elementor-element-d45636f elementor-widget elementor-widget-image\" data-id=\"d45636f\" data-element_type=\"widget\" data-widget_type=\"image.default\">\n\t\t\t\t<div class=\"elementor-widget-container\">\n\t\t\t\t\t\t\t\t\t\t\t\t\t\t\t<img width=\"1024\" height=\"1024\" src=\"https:\/\/modakinstitute.org\/wp-content\/uploads\/2022\/05\/Cores-BrancoLogo-Modak-2-1-1024x1024.jpg\" class=\"attachment-large size-large\" alt=\"\" loading=\"lazy\" srcset=\"https:\/\/modakinstitute.org\/wp-content\/uploads\/2022\/05\/Cores-BrancoLogo-Modak-2-1-1024x1024.jpg 1024w, https:\/\/modakinstitute.org\/wp-content\/uploads\/2022\/05\/Cores-BrancoLogo-Modak-2-1-300x300.jpg 300w, https:\/\/modakinstitute.org\/wp-content\/uploads\/2022\/05\/Cores-BrancoLogo-Modak-2-1-150x150.jpg 150w, https:\/\/modakinstitute.org\/wp-content\/uploads\/2022\/05\/Cores-BrancoLogo-Modak-2-1-768x768.jpg 768w, https:\/\/modakinstitute.org\/wp-content\/uploads\/2022\/05\/Cores-BrancoLogo-Modak-2-1-e1663012776930.jpg 320w\" sizes=\"(max-width: 1024px) 100vw, 1024px\" \/>\t\t\t\t\t\t\t\t\t\t\t\t\t\t\t<\/div>\n\t\t\t\t<\/div>\n\t\t\t\t\t<\/div>\n\t\t<\/div>\n\t\t\t\t<div class=\"has_ma_el_bg_slider elementor-column elementor-col-33 elementor-top-column elementor-element elementor-element-06cf368\" data-id=\"06cf368\" data-element_type=\"column\">\n\t\t\t<div class=\"elementor-widget-wrap elementor-element-populated\">\n\t\t\t\t\t\t\t\t<div class=\"elementor-element elementor-element-322a5f5c elementor-widget elementor-widget-heading\" data-id=\"322a5f5c\" data-element_type=\"widget\" data-widget_type=\"heading.default\">\n\t\t\t\t<div class=\"elementor-widget-container\">\n\t\t\t<h2 class=\"elementor-heading-title elementor-size-default\">C\u00f3mo obtener un Certificado<\/h2>\t\t<\/div>\n\t\t\t\t<\/div>\n\t\t\t\t\t<\/div>\n\t\t<\/div>\n\t\t\t\t<div class=\"has_ma_el_bg_slider elementor-column elementor-col-33 elementor-top-column elementor-element elementor-element-78275d2\" data-id=\"78275d2\" data-element_type=\"column\">\n\t\t\t<div class=\"elementor-widget-wrap\">\n\t\t\t\t\t\t\t\t\t<\/div>\n\t\t<\/div>\n\t\t\t\t\t\t\t<\/div>\n\t\t<\/section>\n\t\t\t\t<section class=\"has_ma_el_bg_slider elementor-section elementor-top-section elementor-element elementor-element-28248bbf elementor-section-boxed elementor-section-height-default elementor-section-height-default\" data-particle_enable=\"false\" data-particle-mobile-disabled=\"false\" data-id=\"28248bbf\" data-element_type=\"section\" data-settings=\"{&quot;background_background&quot;:&quot;classic&quot;}\">\n\t\t\t\t\t\t<div class=\"elementor-container elementor-column-gap-default\">\n\t\t\t\t\t<div class=\"has_ma_el_bg_slider elementor-column elementor-col-100 elementor-top-column elementor-element elementor-element-f8aa9fc\" data-id=\"f8aa9fc\" data-element_type=\"column\">\n\t\t\t<div class=\"elementor-widget-wrap elementor-element-populated\">\n\t\t\t\t\t\t\t\t<div class=\"elementor-element elementor-element-9657374 elementor-widget elementor-widget-heading\" data-id=\"9657374\" data-element_type=\"widget\" data-widget_type=\"heading.default\">\n\t\t\t\t<div class=\"elementor-widget-container\">\n\t\t\t<h2 class=\"elementor-heading-title elementor-size-default\">\u00a1Bienvenidos y bienvenidas!<\/h2>\t\t<\/div>\n\t\t\t\t<\/div>\n\t\t\t\t<div class=\"elementor-element elementor-element-508511c elementor-widget elementor-widget-text-editor\" data-id=\"508511c\" data-element_type=\"widget\" data-widget_type=\"text-editor.default\">\n\t\t\t\t<div class=\"elementor-widget-container\">\n\t\t\t\t\t\t\t<p class=\"p1\">En nuestro sitio web puedes conocer a los profesores y terapeutas que forman parte de la realizaci\u00f3n del sue\u00f1o de la maestra india Kusum Modak: llegar al mayor n\u00famero de personas posible, preservando la pureza e integridad de su M\u00e9todo.<\/p>\r\n<p class=\"p1\">Si quieres convertirte en terapeuta o participar en el curso de formaci\u00f3n de profesores del Modak Institute, consulta todos los detalles a continuaci\u00f3n para obtener tu certificado.<\/p>\t\t\t\t\t\t<\/div>\n\t\t\t\t<\/div>\n\t\t\t\t<div class=\"elementor-element elementor-element-f6b39ee elementor-widget elementor-widget-heading\" data-id=\"f6b39ee\" data-element_type=\"widget\" data-widget_type=\"heading.default\">\n\t\t\t\t<div class=\"elementor-widget-container\">\n\t\t\t<h2 class=\"elementor-heading-title elementor-size-default\">\u00a1Forma parte del sue\u00f1o de Kusum Modak, certif\u00edcate!<\/h2>\t\t<\/div>\n\t\t\t\t<\/div>\n\t\t\t\t\t<\/div>\n\t\t<\/div>\n\t\t\t\t\t\t\t<\/div>\n\t\t<\/section>\n\t\t\t\t<section class=\"has_ma_el_bg_slider elementor-section elementor-top-section elementor-element elementor-element-23013b4 elementor-section-boxed elementor-section-height-default elementor-section-height-default\" data-particle_enable=\"false\" data-particle-mobile-disabled=\"false\" data-id=\"23013b4\" data-element_type=\"section\" id=\"formacao\" data-settings=\"{&quot;background_background&quot;:&quot;classic&quot;}\">\n\t\t\t\t\t\t<div class=\"elementor-container elementor-column-gap-default\">\n\t\t\t\t\t<div class=\"has_ma_el_bg_slider elementor-column elementor-col-50 elementor-top-column elementor-element elementor-element-fcb1a9e\" data-id=\"fcb1a9e\" data-element_type=\"column\">\n\t\t\t<div class=\"elementor-widget-wrap elementor-element-populated\">\n\t\t\t\t\t\t\t\t<div class=\"elementor-element elementor-element-a463e02 elementor-widget__width-initial elementor-widget elementor-widget-heading\" data-id=\"a463e02\" data-element_type=\"widget\" data-widget_type=\"heading.default\">\n\t\t\t\t<div class=\"elementor-widget-container\">\n\t\t\t<h2 class=\"elementor-heading-title elementor-size-default\">CERTIFICACI\u00d3N<\/h2>\t\t<\/div>\n\t\t\t\t<\/div>\n\t\t\t\t<div class=\"elementor-element elementor-element-fd0195e elementor-widget elementor-widget-heading\" data-id=\"fd0195e\" data-element_type=\"widget\" data-widget_type=\"heading.default\">\n\t\t\t\t<div class=\"elementor-widget-container\">\n\t\t\t<h2 class=\"elementor-heading-title elementor-size-default\">Modak Institute - Terapeutas<\/h2>\t\t<\/div>\n\t\t\t\t<\/div>\n\t\t\t\t<div class=\"elementor-element elementor-element-036d242 elementor-widget elementor-widget-text-editor\" data-id=\"036d242\" data-element_type=\"widget\" data-widget_type=\"text-editor.default\">\n\t\t\t\t<div class=\"elementor-widget-container\">\n\t\t\t\t\t\t\t<p class=\"p1\">La formaci\u00f3n en el M\u00e9todo Kusum Modak &#8211; Terapia de Masaje Ayurv\u00e9dico con Yoga\u2120 incluye clases presenciales, conferencias en l\u00ednea y actividades de evaluaci\u00f3n.<\/p>\n<h4 class=\"p1\"><b>Estructura del curso:<\/b><\/h4>\n<p class=\"p3\">\u2022<b>Total de Horas:<\/b> 80 horas de clases pr\u00e1cticas + 4 horas en l\u00ednea<\/p>\n<p class=\"p3\">\u2022<b>Duraci\u00f3n:<\/b> 10 d\u00edas<\/p>\n<p class=\"p3\"><b>Formatos:<\/b><\/p>\n<p class=\"p4\">\u2022<b>Modular:<\/b> Realizado los fines de semana, en hasta cinco m\u00f3dulos.<\/p>\n<p class=\"p4\">\u2022<b>Intensivo:<\/b> 10 d\u00edas consecutivos, sin alojamiento.<\/p>\n<p class=\"p4\">\u2022<b>Inmersi\u00f3n:<\/b> 10 d\u00edas consecutivos, con alojamiento en el lugar del curso.<\/p>\n\t\t\t\t\t\t<\/div>\n\t\t\t\t<\/div>\n\t\t\t\t<div class=\"elementor-element elementor-element-3118926 elementor-widget elementor-widget-heading\" data-id=\"3118926\" data-element_type=\"widget\" data-widget_type=\"heading.default\">\n\t\t\t\t<div class=\"elementor-widget-container\">\n\t\t\t<h2 class=\"elementor-heading-title elementor-size-default\">\u00a1Inscr\u00edbete ahora!<\/h2>\t\t<\/div>\n\t\t\t\t<\/div>\n\t\t\t\t<div class=\"elementor-element elementor-element-1ea7ac6 elementor-widget elementor-widget-text-editor\" data-id=\"1ea7ac6\" data-element_type=\"widget\" data-widget_type=\"text-editor.default\">\n\t\t\t\t<div class=\"elementor-widget-container\">\n\t\t\t\t\t\t\t<p>Para inscribirte, contacta a los profesores afiliados al Modak Institute. Accede al cronograma y consulta las fechas de los pr\u00f3ximos cursos de formaci\u00f3n.<\/p>\n\t\t\t\t\t\t<\/div>\n\t\t\t\t<\/div>\n\t\t\t\t<div class=\"elementor-element elementor-element-97ed642 elementor-align-center elementor-widget__width-auto elementor-widget elementor-widget-button\" data-id=\"97ed642\" data-element_type=\"widget\" data-widget_type=\"button.default\">\n\t\t\t\t<div class=\"elementor-widget-container\">\n\t\t\t\t\t<div class=\"elementor-button-wrapper\">\n\t\t\t<a href=\"https:\/\/modakinstitute.org\/es\/agenda\/#formacao\" class=\"elementor-button-link elementor-button elementor-size-sm\" role=\"button\">\n\t\t\t\t\t\t<span class=\"elementor-button-content-wrapper\">\n\t\t\t\t\t\t<span class=\"elementor-button-text\">Agenda de formaci\u00f3n de terapeutas<\/span>\n\t\t<\/span>\n\t\t\t\t\t<\/a>\n\t\t<\/div>\n\t\t\t\t<\/div>\n\t\t\t\t<\/div>\n\t\t\t\t<div class=\"elementor-element elementor-element-392ff89 elementor-widget elementor-widget-spacer\" data-id=\"392ff89\" data-element_type=\"widget\" data-widget_type=\"spacer.default\">\n\t\t\t\t<div class=\"elementor-widget-container\">\n\t\t\t\t\t<div class=\"elementor-spacer\">\n\t\t\t<div class=\"elementor-spacer-inner\"><\/div>\n\t\t<\/div>\n\t\t\t\t<\/div>\n\t\t\t\t<\/div>\n\t\t\t\t\t<\/div>\n\t\t<\/div>\n\t\t\t\t<div class=\"has_ma_el_bg_slider elementor-column elementor-col-50 elementor-top-column elementor-element elementor-element-1cef14c\" data-id=\"1cef14c\" data-element_type=\"column\">\n\t\t\t<div class=\"elementor-widget-wrap elementor-element-populated\">\n\t\t\t\t\t\t\t\t<div class=\"elementor-element elementor-element-69494a9 elementor-widget__width-initial elementor-widget elementor-widget-heading\" data-id=\"69494a9\" data-element_type=\"widget\" data-widget_type=\"heading.default\">\n\t\t\t\t<div class=\"elementor-widget-container\">\n\t\t\t<h2 class=\"elementor-heading-title elementor-size-default\">CERTIFICACI\u00d3N<\/h2>\t\t<\/div>\n\t\t\t\t<\/div>\n\t\t\t\t<div class=\"elementor-element elementor-element-a6d365e elementor-widget elementor-widget-heading\" data-id=\"a6d365e\" data-element_type=\"widget\" data-widget_type=\"heading.default\">\n\t\t\t\t<div class=\"elementor-widget-container\">\n\t\t\t<h2 class=\"elementor-heading-title elementor-size-default\">Modak Institute - Profesores<\/h2>\t\t<\/div>\n\t\t\t\t<\/div>\n\t\t\t\t<div class=\"elementor-element elementor-element-6a58798 elementor-widget elementor-widget-text-editor\" data-id=\"6a58798\" data-element_type=\"widget\" data-widget_type=\"text-editor.default\">\n\t\t\t\t<div class=\"elementor-widget-container\">\n\t\t\t\t\t\t\t<p class=\"p1\">Para aquellos que ya est\u00e1n certificados como terapeutas, el Modak Institute ofrece un programa especial de certificaci\u00f3n para Profesores. Este programa es ideal para terapeutas que desean ampliar sus horizontes y convertirse en formadores de nuevos profesionales, adquiriendo la capacidad de certificar nuevos terapeutas. Este es un paso importante para fortalecer a\u00fan m\u00e1s la comunidad y el legado del M\u00e9todo Kusum Modak.<\/p><h4 class=\"p1\"><b>\u00bfTe interesa participar en el curso de formaci\u00f3n de Profesores?<\/b><\/h4><p class=\"p1\">La formaci\u00f3n para profesores del M\u00e9todo Kusum Modak a\u00fan no ha comenzado, pero ya estamos organizando cursos destinados a terapeutas certificados y afiliados al Modak Institute. Pronto presentaremos los requisitos de participaci\u00f3n y c\u00f3mo programar tu entrevista.<\/p>\t\t\t\t\t\t<\/div>\n\t\t\t\t<\/div>\n\t\t\t\t\t<\/div>\n\t\t<\/div>\n\t\t\t\t\t\t\t<\/div>\n\t\t<\/section>\n\t\t\t\t<section class=\"has_ma_el_bg_slider elementor-section elementor-top-section elementor-element elementor-element-89ef4eb elementor-section-boxed elementor-section-height-default elementor-section-height-default\" data-particle_enable=\"false\" data-particle-mobile-disabled=\"false\" data-id=\"89ef4eb\" data-element_type=\"section\" data-settings=\"{&quot;background_background&quot;:&quot;classic&quot;}\">\n\t\t\t\t\t\t<div class=\"elementor-container elementor-column-gap-default\">\n\t\t\t\t\t<div class=\"has_ma_el_bg_slider elementor-column elementor-col-100 elementor-top-column elementor-element elementor-element-45c19f4\" data-id=\"45c19f4\" data-element_type=\"column\">\n\t\t\t<div class=\"elementor-widget-wrap elementor-element-populated\">\n\t\t\t\t\t\t\t\t<div class=\"elementor-element elementor-element-b0eff7c elementor-widget__width-initial elementor-widget elementor-widget-heading\" data-id=\"b0eff7c\" data-element_type=\"widget\" data-widget_type=\"heading.default\">\n\t\t\t\t<div class=\"elementor-widget-container\">\n\t\t\t<h2 class=\"elementor-heading-title elementor-size-default\">CERTIFICACI\u00d3N<\/h2>\t\t<\/div>\n\t\t\t\t<\/div>\n\t\t\t\t<div class=\"elementor-element elementor-element-05b51fe elementor-widget elementor-widget-heading\" data-id=\"05b51fe\" data-element_type=\"widget\" data-widget_type=\"heading.default\">\n\t\t\t\t<div class=\"elementor-widget-container\">\n\t\t\t<h2 class=\"elementor-heading-title elementor-size-default\">Inscripciones Abiertas\nPrograma de Actualizaci\u00f3n de Profesorado (PAP) 2026\nM\u00e9todo Kusum Modak<\/h2>\t\t<\/div>\n\t\t\t\t<\/div>\n\t\t\t\t<div class=\"elementor-element elementor-element-5e4019d elementor-widget elementor-widget-text-editor\" data-id=\"5e4019d\" data-element_type=\"widget\" data-widget_type=\"text-editor.default\">\n\t\t\t\t<div class=\"elementor-widget-container\">\n\t\t\t\t\t\t\t<p>\u00bfEres profesora o profesor Yoga Masaje Ayurv\u00e9dico y deseas actualizar y profundizar tu pr\u00e1ctica docente, integr\u00e1ndote en el equipo de profesorado del Modak Institute?<\/p><p>El Programa de Actualizaci\u00f3n de Profesorado (PAP) 2026 \u2013 M\u00e9todo Kusum Modak es una oportunidad \u00fanica para fortalecer, integrar y dar continuidad al legado de Kusum Modak, manteniendo una conexi\u00f3n directa con la creadora del m\u00e9todo y con el origen de esta pr\u00e1ctica.<\/p><p>\u00a0<\/p><h4><strong>Beneficios del PAP 2026<\/strong><\/h4><ul><li>Actualizaci\u00f3n alineada con las nuevas directrices \u00e9ticas y pedag\u00f3gicas.<\/li><li>Perfeccionamiento de la metodolog\u00eda de ense\u00f1anza.<\/li><li>Fortalecimiento de la comunidad docente.<\/li><li>Integraci\u00f3n en la Modak Academy, con acceso a formaciones, grupos de estudio y red de apoyo.<\/li><li>Certificaci\u00f3n oficial del Modak Institute, con tu nombre y calendario publicados en nuestra web.<\/li><li>Participaci\u00f3n en proyectos y acciones de voluntariado.<\/li><\/ul><p>\u00a0<\/p><h4><strong>Requisitos para participar<\/strong><\/h4><ul><li>Impartir clases desde hace al menos cinco a\u00f1os.<\/li><li>Enviar tus certificaciones anteriores.<\/li><li>Presentar la lista de terapeutas certificados por ti.<\/li><li>Adjuntar el material did\u00e1ctico utilizado (o la autorizaci\u00f3n de la autora, si pertenece a otra profesora).<\/li><\/ul><p>\u00a0<\/p><h4><strong>Calendario<\/strong><\/h4><h5><strong>Las inscripciones est\u00e1n abiertas hasta el 19 de enero de 2026.<\/strong><\/h5><p>Env\u00eda un mensaje a teachers@modakinstitute.org y recibe toda la informaci\u00f3n sobre plazos, inversi\u00f3n y calendario.<\/p><ul><li>Inscripciones: hasta el 19 de enero<\/li><li>Etapa online: febrero y marzo \u2013 cuatro encuentros en l\u00ednea<\/li><li>Etapa presencial: entre abril y noviembre \u2013 pr\u00e1ctica vivencial y supervisi\u00f3n docente<\/li><li>Conclusi\u00f3n: diciembre \u2013 Feedback 360\u00ba<\/li><\/ul><p>\u00a0<\/p><p>Forma parte de este camino de actualizaci\u00f3n, integraci\u00f3n y protecci\u00f3n del legado de Kusum Modak.<\/p><p>Inscr\u00edbete: <span style=\"text-decoration: underline;\"><a href=\"mailto:teachers@modakinstitute.org\">teachers@modakinstitute.org<\/a><\/span><\/p>\t\t\t\t\t\t<\/div>\n\t\t\t\t<\/div>\n\t\t\t\t\t<\/div>\n\t\t<\/div>\n\t\t\t\t\t\t\t<\/div>\n\t\t<\/section>\n\t\t\t\t<section class=\"has_ma_el_bg_slider elementor-section elementor-top-section elementor-element elementor-element-8f68a76 elementor-section-boxed elementor-section-height-default elementor-section-height-default\" data-particle_enable=\"false\" data-particle-mobile-disabled=\"false\" data-id=\"8f68a76\" data-element_type=\"section\" data-settings=\"{&quot;background_background&quot;:&quot;classic&quot;}\">\n\t\t\t\t\t\t<div class=\"elementor-container elementor-column-gap-default\">\n\t\t\t\t\t<div class=\"has_ma_el_bg_slider elementor-column elementor-col-100 elementor-top-column elementor-element elementor-element-0e04147\" data-id=\"0e04147\" data-element_type=\"column\">\n\t\t\t<div class=\"elementor-widget-wrap elementor-element-populated\">\n\t\t\t\t\t\t\t\t<div class=\"elementor-element elementor-element-dbd5f2b elementor-widget elementor-widget-spacer\" data-id=\"dbd5f2b\" data-element_type=\"widget\" data-widget_type=\"spacer.default\">\n\t\t\t\t<div class=\"elementor-widget-container\">\n\t\t\t\t\t<div class=\"elementor-spacer\">\n\t\t\t<div class=\"elementor-spacer-inner\"><\/div>\n\t\t<\/div>\n\t\t\t\t<\/div>\n\t\t\t\t<\/div>\n\t\t\t\t<div class=\"elementor-element elementor-element-a5141ff elementor-widget elementor-widget-heading\" data-id=\"a5141ff\" data-element_type=\"widget\" data-widget_type=\"heading.default\">\n\t\t\t\t<div class=\"elementor-widget-container\">\n\t\t\t<h2 class=\"elementor-heading-title elementor-size-default\">\u00danete al Instituto Modak<\/h2>\t\t<\/div>\n\t\t\t\t<\/div>\n\t\t\t\t<div class=\"elementor-element elementor-element-3dcc1fe elementor-widget elementor-widget-text-editor\" data-id=\"3dcc1fe\" data-element_type=\"widget\" data-widget_type=\"text-editor.default\">\n\t\t\t\t<div class=\"elementor-widget-container\">\n\t\t\t\t\t\t\t<p class=\"p1\">Todas las personas certificadas por el Instituto Modak tienen derecho a 1 a\u00f1o de membres\u00eda sin costo adicional. Los miembros son esenciales para la misi\u00f3n del Instituto Modak: preservar el legado de Kusum y expandir sus beneficios a la mayor cantidad de personas posible.<\/p>\n<h4 class=\"p1\"><b>Beneficios de la Membres\u00eda:<\/b><\/h4>\n<p class=\"p3\">\u2022<b>Agenda de Citas en L\u00ednea:<\/b> Contamos con un espacio en nuestro sitio web para promover el trabajo de nuestros miembros. <a href=\"https:\/\/modakinstitute.org\/es\/atencion\/\"><u><i>Haz clic aqu\u00ed para ver el calendario de los terapeutas.<\/i><\/u><\/a><\/p>\n<p class=\"p3\">\u2022<b>Identidad Visual del Instituto Modak:<\/b> Los miembros tienen acceso a toda la informaci\u00f3n relevante sobre nuestra identidad visual.<\/p>\n<p class=\"p3\">\u2022<b>Conexi\u00f3n con Otros Profesionales:<\/b> El grupo de WhatsApp de los Modakers re\u00fane a profesores y terapeutas.<\/p>\n<p class=\"p3\">\u2022<b>Estudio de Casos:<\/b> El Grupo de Estudio Modak ofrece mentor\u00eda regular, discutiendo y presentando posibles tratamientos para diferentes casos.<\/p>\n<p class=\"p3\">\u2022<b>El Sue\u00f1o de Kusum:<\/b> Nuestra asociaci\u00f3n naci\u00f3 del sue\u00f1o de la maestra Kusum Modak. \u00a1S\u00e9 parte de esta historia!<\/p>\n<p class=\"p1\"><b>\u00bfTienes alguna pregunta?<\/b><\/p>\n<p class=\"p1\">Si tienes alguna duda o sugerencia, cont\u00e1ctanos en <a style=\"font-size: 16px;\" href=\"mailto:infomodakinstitute@gmail.com\">infomodakinstitute@gmail.com<\/a><span style=\"font-size: 16px;\">.<\/span><\/p>\n<p class=\"p1\">\u00a1Te esperamos!<\/p>\n<p>&nbsp;<\/p>\n\t\t\t\t\t\t<\/div>\n\t\t\t\t<\/div>\n\t\t\t\t\t<\/div>\n\t\t<\/div>\n\t\t\t\t\t\t\t<\/div>\n\t\t<\/section>\n\t\t\t\t\t\t<\/div>\n\t\t\t\t\t<\/div>\n\t\t","protected":false},"excerpt":{"rendered":"<p>C\u00f3mo obtener un Certificado \u00a1Bienvenidos y bienvenidas! En nuestro sitio web puedes conocer a los profesores y terapeutas que forman parte de la realizaci\u00f3n del sue\u00f1o de la maestra india Kusum Modak: llegar al mayor n\u00famero de personas posible, preservando la pureza e integridad de su M\u00e9todo. Si quieres convertirte en terapeuta o participar en &hellip;<\/p>\n<p class=\"read-more\"> <a class=\"\" href=\"https:\/\/modakinstitute.org\/es\/certificado\/\"> <span class=\"screen-reader-text\">Certificado<\/span> Read More &raquo;<\/a><\/p>\n","protected":false},"author":344,"featured_media":9211,"parent":0,"menu_order":0,"comment_status":"closed","ping_status":"closed","template":"","meta":[],"_links":{"self":[{"href":"https:\/\/modakinstitute.org\/es\/wp-json\/wp\/v2\/pages\/10331"}],"collection":[{"href":"https:\/\/modakinstitute.org\/es\/wp-json\/wp\/v2\/pages"}],"about":[{"href":"https:\/\/modakinstitute.org\/es\/wp-json\/wp\/v2\/types\/page"}],"author":[{"embeddable":true,"href":"https:\/\/modakinstitute.org\/es\/wp-json\/wp\/v2\/users\/344"}],"replies":[{"embeddable":true,"href":"https:\/\/modakinstitute.org\/es\/wp-json\/wp\/v2\/comments?post=10331"}],"version-history":[{"count":13,"href":"https:\/\/modakinstitute.org\/es\/wp-json\/wp\/v2\/pages\/10331\/revisions"}],"predecessor-version":[{"id":10842,"href":"https:\/\/modakinstitute.org\/es\/wp-json\/wp\/v2\/pages\/10331\/revisions\/10842"}],"wp:featuredmedia":[{"embeddable":true,"href":"https:\/\/modakinstitute.org\/es\/wp-json\/wp\/v2\/media\/9211"}],"wp:attachment":[{"href":"https:\/\/modakinstitute.org\/es\/wp-json\/wp\/v2\/media?parent=10331"}],"curies":[{"name":"wp","href":"https:\/\/api.w.org\/{rel}","templated":true}]}}