{"id":10046,"date":"2023-10-25T10:58:51","date_gmt":"2023-10-25T13:58:51","guid":{"rendered":"http:\/\/modakinstitute11.hospedagemdesites.ws\/documentos\/"},"modified":"2025-11-11T12:37:26","modified_gmt":"2025-11-11T15:37:26","slug":"documentos","status":"publish","type":"page","link":"https:\/\/modakinstitute.org\/es\/documentos\/","title":{"rendered":"Documentos"},"content":{"rendered":"\t\t<div data-elementor-type=\"wp-page\" data-elementor-id=\"10046\" class=\"elementor elementor-10046 elementor-9984\" data-elementor-settings=\"[]\">\n\t\t\t\t\t\t\t<div class=\"elementor-section-wrap\">\n\t\t\t\t\t\t\t<section class=\"has_ma_el_bg_slider elementor-section elementor-top-section elementor-element elementor-element-190d9cc elementor-section-full_width elementor-hidden-tablet elementor-hidden-mobile elementor-section-height-default elementor-section-height-default\" data-particle_enable=\"false\" data-particle-mobile-disabled=\"false\" data-id=\"190d9cc\" data-element_type=\"section\" data-settings=\"{&quot;background_background&quot;:&quot;slideshow&quot;,&quot;background_slideshow_slide_duration&quot;:9000,&quot;background_slideshow_slide_transition&quot;:&quot;slide_right&quot;,&quot;background_slideshow_ken_burns&quot;:&quot;yes&quot;,&quot;background_slideshow_gallery&quot;:[],&quot;background_slideshow_loop&quot;:&quot;yes&quot;,&quot;background_slideshow_transition_duration&quot;:500,&quot;background_slideshow_ken_burns_zoom_direction&quot;:&quot;in&quot;}\">\n\t\t\t\t\t\t\t<div class=\"elementor-background-overlay\"><\/div>\n\t\t\t\t\t\t\t<div class=\"elementor-container elementor-column-gap-no\">\n\t\t\t\t\t<div class=\"has_ma_el_bg_slider elementor-column elementor-col-100 elementor-top-column elementor-element elementor-element-f428e09\" data-id=\"f428e09\" data-element_type=\"column\">\n\t\t\t<div class=\"elementor-widget-wrap elementor-element-populated\">\n\t\t\t\t\t\t\t\t<div class=\"elementor-element elementor-element-d5b7767 elementor-widget elementor-widget-image\" data-id=\"d5b7767\" data-element_type=\"widget\" data-widget_type=\"image.default\">\n\t\t\t\t<div class=\"elementor-widget-container\">\n\t\t\t\t\t\t\t\t\t\t\t\t\t\t\t<img width=\"320\" height=\"320\" src=\"https:\/\/modakinstitute.org\/wp-content\/uploads\/2022\/05\/Cores-BrancoLogo-Modak-2-1-e1663012776930.jpg\" class=\"attachment-full size-full\" alt=\"\" loading=\"lazy\" \/>\t\t\t\t\t\t\t\t\t\t\t\t\t\t\t<\/div>\n\t\t\t\t<\/div>\n\t\t\t\t\t<\/div>\n\t\t<\/div>\n\t\t\t\t\t\t\t<\/div>\n\t\t<\/section>\n\t\t\t\t<section class=\"has_ma_el_bg_slider elementor-section elementor-top-section elementor-element elementor-element-6c3e208 elementor-section-height-min-height elementor-section-boxed elementor-section-height-default elementor-section-items-middle\" data-particle_enable=\"false\" data-particle-mobile-disabled=\"false\" data-id=\"6c3e208\" data-element_type=\"section\" data-settings=\"{&quot;background_background&quot;:&quot;classic&quot;}\">\n\t\t\t\t\t\t<div class=\"elementor-container elementor-column-gap-default\">\n\t\t\t\t\t<div class=\"has_ma_el_bg_slider elementor-column elementor-col-33 elementor-top-column elementor-element elementor-element-1b809de\" data-id=\"1b809de\" data-element_type=\"column\">\n\t\t\t<div class=\"elementor-widget-wrap elementor-element-populated\">\n\t\t\t\t\t\t\t\t<div class=\"elementor-element elementor-element-6a8fb43 elementor-widget elementor-widget-image\" data-id=\"6a8fb43\" data-element_type=\"widget\" data-widget_type=\"image.default\">\n\t\t\t\t<div class=\"elementor-widget-container\">\n\t\t\t\t\t\t\t\t\t\t\t\t\t\t\t<img width=\"1024\" height=\"1024\" src=\"https:\/\/modakinstitute.org\/wp-content\/uploads\/2022\/05\/Cores-BrancoLogo-Modak-2-1-1024x1024.jpg\" class=\"attachment-large size-large\" alt=\"\" loading=\"lazy\" srcset=\"https:\/\/modakinstitute.org\/wp-content\/uploads\/2022\/05\/Cores-BrancoLogo-Modak-2-1-1024x1024.jpg 1024w, https:\/\/modakinstitute.org\/wp-content\/uploads\/2022\/05\/Cores-BrancoLogo-Modak-2-1-300x300.jpg 300w, https:\/\/modakinstitute.org\/wp-content\/uploads\/2022\/05\/Cores-BrancoLogo-Modak-2-1-150x150.jpg 150w, https:\/\/modakinstitute.org\/wp-content\/uploads\/2022\/05\/Cores-BrancoLogo-Modak-2-1-768x768.jpg 768w, https:\/\/modakinstitute.org\/wp-content\/uploads\/2022\/05\/Cores-BrancoLogo-Modak-2-1-e1663012776930.jpg 320w\" sizes=\"(max-width: 1024px) 100vw, 1024px\" \/>\t\t\t\t\t\t\t\t\t\t\t\t\t\t\t<\/div>\n\t\t\t\t<\/div>\n\t\t\t\t\t<\/div>\n\t\t<\/div>\n\t\t\t\t<div class=\"has_ma_el_bg_slider elementor-column elementor-col-33 elementor-top-column elementor-element elementor-element-8079ede\" data-id=\"8079ede\" data-element_type=\"column\">\n\t\t\t<div class=\"elementor-widget-wrap elementor-element-populated\">\n\t\t\t\t\t\t\t\t<div class=\"elementor-element elementor-element-14ac7ff elementor-widget elementor-widget-heading\" data-id=\"14ac7ff\" data-element_type=\"widget\" data-widget_type=\"heading.default\">\n\t\t\t\t<div class=\"elementor-widget-container\">\n\t\t\t<h2 class=\"elementor-heading-title elementor-size-default\">Documentos legales<\/h2>\t\t<\/div>\n\t\t\t\t<\/div>\n\t\t\t\t\t<\/div>\n\t\t<\/div>\n\t\t\t\t<div class=\"has_ma_el_bg_slider elementor-column elementor-col-33 elementor-top-column elementor-element elementor-element-8ab3643\" data-id=\"8ab3643\" data-element_type=\"column\">\n\t\t\t<div class=\"elementor-widget-wrap\">\n\t\t\t\t\t\t\t\t\t<\/div>\n\t\t<\/div>\n\t\t\t\t\t\t\t<\/div>\n\t\t<\/section>\n\t\t\t\t<section class=\"has_ma_el_bg_slider elementor-section elementor-top-section elementor-element elementor-element-d5d4d88 elementor-section-boxed elementor-section-height-default elementor-section-height-default\" data-particle_enable=\"false\" data-particle-mobile-disabled=\"false\" data-id=\"d5d4d88\" data-element_type=\"section\" data-settings=\"{&quot;background_background&quot;:&quot;classic&quot;}\">\n\t\t\t\t\t\t<div class=\"elementor-container elementor-column-gap-default\">\n\t\t\t\t\t<div class=\"has_ma_el_bg_slider elementor-column elementor-col-100 elementor-top-column elementor-element elementor-element-f4607cd\" data-id=\"f4607cd\" data-element_type=\"column\">\n\t\t\t<div class=\"elementor-widget-wrap elementor-element-populated\">\n\t\t\t\t\t\t\t\t<div class=\"elementor-element elementor-element-487220d docs elementor-widget elementor-widget-text-editor\" data-id=\"487220d\" data-element_type=\"widget\" id=\"docs\" data-widget_type=\"text-editor.default\">\n\t\t\t\t<div class=\"elementor-widget-container\">\n\t\t\t\t\t\t\t<p>Descarga los siguientes documentos:<\/p><ul><li><a href=\"https:\/\/modakinstitute.org\/wp-content\/uploads\/2023\/10\/Estatuto-Social-Modak-Institute.pdf\">Estatutos del Instituto Modak<\/a><\/li><li><a href=\"https:\/\/modakinstitute.org\/wp-content\/uploads\/2023\/10\/Ata-da-Assembleia-Geral-15-marco-2023.pdf\">Acta de la Asamblea General para la Constituci\u00f3n del Instituto Modak<\/a><\/li><li><a href=\"https:\/\/modakinstitute.org\/wp-content\/uploads\/2025\/11\/Carta-de-renuncia.pdf\" target=\"_blank\" rel=\"noopener\">Carta Puja Punita<\/a><\/li><li><a href=\"https:\/\/modakinstitute.org\/wp-content\/uploads\/2025\/11\/Edital-1-Eleicoes-Modak-Institute-2025-2027.pdf\" target=\"_blank\" rel=\"noopener\">Edital 1 &#8211; Elei\u00e7\u00f5es Modak Institute 2025 &#8211; 2027<\/a><\/li><li><a href=\"https:\/\/modakinstitute.org\/wp-content\/uploads\/2025\/11\/Edital-2-Eleicoes-Modak-Institute-2025-2027.pdf\" target=\"_blank\" rel=\"noopener\">Edital 2 &#8211; Elei\u00e7\u00f5es Modak Institute 2025 &#8211; 2027<\/a><\/li><li><a href=\"https:\/\/modakinstitute.org\/wp-content\/uploads\/2025\/11\/Resultado-das-Eleicoes-Modak-Institute-2025-2027.pdf\" target=\"_blank\" rel=\"noopener\">Resultado das Elei\u00e7\u00f5es Modak Institute 2025 &#8211; 2027<\/a><\/li><li><a href=\"https:\/\/modakinstitute.org\/wp-content\/uploads\/2023\/10\/carta-laura.pdf\" target=\"_blank\" rel=\"noopener\">Carta de Laura Cantoni<\/a><\/li><li><a href=\"https:\/\/modakinstitute.org\/wp-content\/uploads\/2023\/10\/ata-assembleia-renuncia.pdf\" target=\"_blank\" rel=\"noopener\">Acta de la Asamblea General de Renuncia Presidencial<\/a><\/li><\/ul><div>\u00a0<\/div>\t\t\t\t\t\t<\/div>\n\t\t\t\t<\/div>\n\t\t\t\t<div class=\"elementor-element elementor-element-9621001 elementor-widget elementor-widget-spacer\" data-id=\"9621001\" data-element_type=\"widget\" data-widget_type=\"spacer.default\">\n\t\t\t\t<div class=\"elementor-widget-container\">\n\t\t\t\t\t<div class=\"elementor-spacer\">\n\t\t\t<div class=\"elementor-spacer-inner\"><\/div>\n\t\t<\/div>\n\t\t\t\t<\/div>\n\t\t\t\t<\/div>\n\t\t\t\t\t<\/div>\n\t\t<\/div>\n\t\t\t\t\t\t\t<\/div>\n\t\t<\/section>\n\t\t\t\t\t\t<\/div>\n\t\t\t\t\t<\/div>\n\t\t","protected":false},"excerpt":{"rendered":"<p>Documentos legales Descarga los siguientes documentos: Estatutos del Instituto Modak Acta de la Asamblea General para la Constituci\u00f3n del Instituto Modak Carta Puja Punita Edital 1 &#8211; Elei\u00e7\u00f5es Modak Institute 2025 &#8211; 2027 Edital 2 &#8211; Elei\u00e7\u00f5es Modak Institute 2025 &#8211; 2027 Resultado das Elei\u00e7\u00f5es Modak Institute 2025 &#8211; 2027 Carta de Laura Cantoni Acta &hellip;<\/p>\n<p class=\"read-more\"> <a class=\"\" href=\"https:\/\/modakinstitute.org\/es\/documentos\/\"> <span class=\"screen-reader-text\">Documentos<\/span> Read More &raquo;<\/a><\/p>\n","protected":false},"author":344,"featured_media":0,"parent":0,"menu_order":0,"comment_status":"closed","ping_status":"closed","template":"","meta":[],"_links":{"self":[{"href":"https:\/\/modakinstitute.org\/es\/wp-json\/wp\/v2\/pages\/10046"}],"collection":[{"href":"https:\/\/modakinstitute.org\/es\/wp-json\/wp\/v2\/pages"}],"about":[{"href":"https:\/\/modakinstitute.org\/es\/wp-json\/wp\/v2\/types\/page"}],"author":[{"embeddable":true,"href":"https:\/\/modakinstitute.org\/es\/wp-json\/wp\/v2\/users\/344"}],"replies":[{"embeddable":true,"href":"https:\/\/modakinstitute.org\/es\/wp-json\/wp\/v2\/comments?post=10046"}],"version-history":[{"count":7,"href":"https:\/\/modakinstitute.org\/es\/wp-json\/wp\/v2\/pages\/10046\/revisions"}],"predecessor-version":[{"id":10789,"href":"https:\/\/modakinstitute.org\/es\/wp-json\/wp\/v2\/pages\/10046\/revisions\/10789"}],"wp:attachment":[{"href":"https:\/\/modakinstitute.org\/es\/wp-json\/wp\/v2\/media?parent=10046"}],"curies":[{"name":"wp","href":"https:\/\/api.w.org\/{rel}","templated":true}]}}